{"id":19,"date":"2012-04-02T22:59:14","date_gmt":"2012-04-02T20:59:14","guid":{"rendered":"http:\/\/demo.samuli.me\/wp\/smartstart\/?page_id=19"},"modified":"2023-03-28T14:35:35","modified_gmt":"2023-03-28T12:35:35","slug":"kontakt","status":"publish","type":"page","link":"https:\/\/fizioogris.com\/de\/kontakt\/","title":{"rendered":"Kontakt"},"content":{"rendered":"<p><div class=\"one-fourth\">\n<h3><strong>Wo wir\u00a0sind<\/strong><\/h3>\n<p>Ob Suhi 5b\u00a0(Gesuntheitszentrum)<br \/>\n2390 Ravne na Koro\u0161kem<br \/>\nSlovenija<\/p>\n<p>Telefon: <strong><a href=\"tel:+38631331641\">+386\u00a0(0)31 331 641<\/a><\/strong><br \/>\nEmail: <a href=\"mailto:info@fizioogris.com\"><strong>info@fizioogris.com<\/strong><\/a><br \/>\nWeb: <a title=\"Kinesio Fit.si\" href=\"https:\/\/fizioogris.com\">fizioogris.com<\/a><\/p>\n<p><a href=\"https:\/\/fizioogris.com\/narocite-se\/\"><img loading=\"lazy\" decoding=\"async\" class=\"wp-image-695 alignleft\" src=\"https:\/\/fizioogris.com\/wp-content\/uploads\/2012\/04\/Matjaz.jpg\" alt=\"Matjaz\" width=\"144\" height=\"151\" srcset=\"https:\/\/fizioogris.com\/wp-content\/uploads\/2012\/04\/Matjaz.jpg 475w, https:\/\/fizioogris.com\/wp-content\/uploads\/2012\/04\/Matjaz-285x300.jpg 285w, https:\/\/fizioogris.com\/wp-content\/uploads\/2012\/04\/Matjaz-300x315.jpg 300w\" sizes=\"auto, (max-width: 144px) 100vw, 144px\" \/><\/a><br \/>\n<\/div>\n<div class=\"three-fourth last\">\n<h3>Senden Sie uns eine Nachricht<\/h3>\n<p>\n<div class=\"wpcf7 no-js\" id=\"wpcf7-f1195-o2\" lang=\"en-US\" dir=\"ltr\" data-wpcf7-id=\"1195\">\n<div class=\"screen-reader-response\"><p role=\"status\" aria-live=\"polite\" aria-atomic=\"true\"><\/p> <ul><\/ul><\/div>\n<form action=\"\/de\/wp-json\/wp\/v2\/pages\/19#wpcf7-f1195-o2\" method=\"post\" class=\"wpcf7-form init\" aria-label=\"Contact form\" novalidate=\"novalidate\" data-status=\"init\">\n<fieldset class=\"hidden-fields-container\"><input type=\"hidden\" name=\"_wpcf7\" value=\"1195\" \/><input type=\"hidden\" name=\"_wpcf7_version\" value=\"6.1.5\" \/><input type=\"hidden\" name=\"_wpcf7_locale\" value=\"en_US\" \/><input type=\"hidden\" name=\"_wpcf7_unit_tag\" value=\"wpcf7-f1195-o2\" \/><input type=\"hidden\" name=\"_wpcf7_container_post\" value=\"0\" \/><input type=\"hidden\" name=\"_wpcf7_posted_data_hash\" value=\"\" \/><input type=\"hidden\" name=\"_wpcf7_recaptcha_response\" value=\"\" \/>\n<\/fieldset>\n<p class=\"input-block\"><br \/>\n<label for=\"your-name\"><strong>Name und Nachname *<\/strong><\/label><span class=\"wpcf7-form-control-wrap\" data-name=\"your-name\"><input size=\"40\" maxlength=\"400\" class=\"wpcf7-form-control wpcf7-text wpcf7-validates-as-required\" aria-required=\"true\" aria-invalid=\"false\" value=\"\" type=\"text\" name=\"your-name\" \/><\/span>\n<\/p>\n<p class=\"input-block\"><br \/>\n<label for=\"your-email\"><strong>E-Mail-Addresse *<\/strong><\/label><span class=\"wpcf7-form-control-wrap\" data-name=\"your-email\"><input size=\"40\" maxlength=\"400\" class=\"wpcf7-form-control wpcf7-email wpcf7-validates-as-required wpcf7-text wpcf7-validates-as-email\" aria-required=\"true\" aria-invalid=\"false\" value=\"\" type=\"email\" name=\"your-email\" \/><\/span>\n<\/p>\n<p class=\"input-block\"><br \/>\n<label for=\"telefonska-stevilka\"><strong>Telefonnummer *<\/strong><\/label><span class=\"wpcf7-form-control-wrap\" data-name=\"telefonska-stevilka\"><input size=\"40\" maxlength=\"400\" class=\"wpcf7-form-control wpcf7-tel wpcf7-validates-as-required wpcf7-text wpcf7-validates-as-tel\" aria-required=\"true\" aria-invalid=\"false\" value=\"\" type=\"tel\" name=\"telefonska-stevilka\" \/><\/span>\n<\/p>\n<p class=\"textarea-block\"><br \/>\n<label for=\"your-message\"><strong>Nachricht *<\/strong><\/label><span class=\"wpcf7-form-control-wrap\" data-name=\"your-message\"><textarea cols=\"40\" rows=\"10\" maxlength=\"2000\" class=\"wpcf7-form-control wpcf7-textarea wpcf7-validates-as-required\" aria-required=\"true\" aria-invalid=\"false\" name=\"your-message\"><\/textarea><\/span>\n<\/p>\n<p><input class=\"wpcf7-form-control wpcf7-submit has-spinner\" type=\"submit\" value=\"Senden\" \/>\n<\/p>\n<p>* Alle Felder sind erforderlich ;)\n<\/p><div class=\"wpcf7-response-output\" aria-hidden=\"true\"><\/div>\n<\/form>\n<\/div>\n<\/p>\n<\/div><div class=\"clear\"><\/div>\n<p>&nbsp;<\/p>\n<p><div id=\"google-business-reviews-rating-2\" class=\"google-business-reviews-rating gmbrr fonts\">\r\n\t<h2 class=\"heading\"><span class=\"icon\"><img decoding=\"async\" src=\"https:\/\/maps.gstatic.com\/mapfiles\/place_api\/icons\/v1\/png_71\/generic_business-71.png\" alt=\"Fizio Ogris Icon\"><\/span>Fizio Ogris<\/h2>\r\n\t<p class=\"vicinity\">Ob Suhi 5b, Ravne na Koro\u0161kem<\/p>\r\n\t<p class=\"rating\"><span class=\"number\">5,0<\/span> <span class=\"all-stars animate\"><span class=\"star\"><\/span><span class=\"star\"><\/span><span class=\"star\"><\/span><span class=\"star\"><\/span><span class=\"star\"><\/span><\/span> <a href=\"https:\/\/search.google.com\/local\/reviews?placeid=ChIJRRMecrXwb0cR6jma7VxGGPg\" target=\"_blank\" rel=\"nofollow\" class=\"count\">35 Rezensionen<\/a><\/p>\r\n<ul class=\"listing\">\r\n\t\t<li class=\"rating-5\" data-index=\"0\">\r\n\t\t\t<span class=\"author-avatar\"><a href=\"https:\/\/www.google.com\/maps\/contrib\/107605773139416550608\/reviews\" target=\"_blank\" rel=\"nofollow\"><img decoding=\"async\" src=\"https:\/\/lh3.googleusercontent.com\/a\/ACg8ocIWPr_tzRAif_FjrhmM_Cn5NXyCMLTm2xXDygcMA1JgqdsHuQ=s128-c0x00000000-cc-rp-mo\" alt=\"Avatar\"><\/a><\/span>\r\n\t\t\t<span class=\"review-meta\">\r\n\t\t\t\t<span class=\"author-name\"><a href=\"https:\/\/www.google.com\/maps\/contrib\/107605773139416550608\/reviews\" target=\"_blank\" rel=\"nofollow\">Zeljko Milicevic<\/a><\/span>\r\n\t\t\t\t<span class=\"rating\">\u2605\u2605\u2605\u2605\u2605<\/span>\r\n\t\t\t\t<span class=\"relative-time-description\">pred 2 letoma<\/span>\r\n\t\t\t<\/span>\r\n\t\t<\/li>\r\n\t\t<li class=\"rating-5\" data-index=\"1\">\r\n\t\t\t<span class=\"author-avatar\"><a href=\"https:\/\/www.google.com\/maps\/contrib\/100813438026221794486\/reviews\" target=\"_blank\" rel=\"nofollow\"><img decoding=\"async\" src=\"https:\/\/lh3.googleusercontent.com\/a\/ACg8ocLCvpphbstPShhsTgR8MgmRThXLi2Y1B4zYTycMVXJNMh8VNQ=s128-c0x00000000-cc-rp-mo\" alt=\"Avatar\"><\/a><\/span>\r\n\t\t\t<span class=\"review-meta\">\r\n\t\t\t\t<span class=\"author-name\"><a href=\"https:\/\/www.google.com\/maps\/contrib\/100813438026221794486\/reviews\" target=\"_blank\" rel=\"nofollow\">Ija Dori\u010d<\/a><\/span>\r\n\t\t\t\t<span class=\"rating\">\u2605\u2605\u2605\u2605\u2605<\/span>\r\n\t\t\t\t<span class=\"relative-time-description\">pred 3 leti<\/span>\r\n\t\t\t<\/span>\r\n\t\t<\/li>\r\n\t\t<li class=\"rating-5\" data-index=\"2\">\r\n\t\t\t<span class=\"author-avatar\"><a href=\"https:\/\/www.google.com\/maps\/contrib\/105343689806227300419\/reviews\" target=\"_blank\" rel=\"nofollow\"><img decoding=\"async\" src=\"https:\/\/lh3.googleusercontent.com\/a\/ACg8ocKVnqyFHIHhBiVDSRG2Nqu84GINi8QzcEQCsHj70HdKpPwdhg=s128-c0x00000000-cc-rp-mo\" alt=\"Avatar\"><\/a><\/span>\r\n\t\t\t<span class=\"review-meta\">\r\n\t\t\t\t<span class=\"author-name\"><a href=\"https:\/\/www.google.com\/maps\/contrib\/105343689806227300419\/reviews\" target=\"_blank\" rel=\"nofollow\">Senka Radovic<\/a><\/span>\r\n\t\t\t\t<span class=\"rating\">\u2605\u2605\u2605\u2605\u2605<\/span>\r\n\t\t\t\t<span class=\"relative-time-description\">pred 3 leti<\/span>\r\n\t\t\t<\/span>\r\n\t\t\t<div class=\"text\">Super ste, le tako naprej!<\/div>\r\n\t\t<\/li>\r\n\t\t<li class=\"rating-5\" data-index=\"3\">\r\n\t\t\t<span class=\"author-avatar\"><a href=\"https:\/\/www.google.com\/maps\/contrib\/108239132071466155133\/reviews\" target=\"_blank\" rel=\"nofollow\"><img decoding=\"async\" src=\"https:\/\/lh3.googleusercontent.com\/a-\/ALV-UjWCjOqP4rc1AOIX_VTPHd3Ti8tsYz6iu55e_w6HWaq6fA3v5gqd=s128-c0x00000000-cc-rp-mo\" alt=\"Avatar\"><\/a><\/span>\r\n\t\t\t<span class=\"review-meta\">\r\n\t\t\t\t<span class=\"author-name\"><a href=\"https:\/\/www.google.com\/maps\/contrib\/108239132071466155133\/reviews\" target=\"_blank\" rel=\"nofollow\">Nikolaj Klemenc<\/a><\/span>\r\n\t\t\t\t<span class=\"rating\">\u2605\u2605\u2605\u2605\u2605<\/span>\r\n\t\t\t\t<span class=\"relative-time-description\">pred 3 leti<\/span>\r\n\t\t\t<\/span>\r\n\t\t<\/li>\r\n\t\t<li class=\"rating-5\" data-index=\"4\">\r\n\t\t\t<span class=\"author-avatar\"><a href=\"https:\/\/www.google.com\/maps\/contrib\/106683929079442276797\/reviews\" target=\"_blank\" rel=\"nofollow\"><img decoding=\"async\" src=\"https:\/\/lh3.googleusercontent.com\/a\/AGNmyxax_VdzVvzMr3TxoAVBe-VKzjVAPpse5uAgSDLo=s128-c0x00000000-cc-rp-mo\" alt=\"Avatar\"><\/a><\/span>\r\n\t\t\t<span class=\"review-meta\">\r\n\t\t\t\t<span class=\"author-name\"><a href=\"https:\/\/www.google.com\/maps\/contrib\/106683929079442276797\/reviews\" target=\"_blank\" rel=\"nofollow\">Jasna Dovecar<\/a><\/span>\r\n\t\t\t\t<span class=\"rating\">\u2605\u2605\u2605\u2605\u2605<\/span>\r\n\t\t\t\t<span class=\"relative-time-description\">pred 3 leti<\/span>\r\n\t\t\t<\/span>\r\n\t\t\t<div class=\"text text-excerpt\"><span class=\"review-snippet\">Zaradi bole\u010din v rami in roki, sem bila na obravnavi dvakrat in bi rada pohvalila tako strokovnost kot tudi prijaznost. Bole\u010dine so v celoti izginile, zato vsekakor priporo\u010dam terapijo vsem, ki se soo\u010dajo s te\u017eavami. Veliko poslovnega uspeha<\/span> <span class=\"review-more-placeholder\">\u2026 Mehr<\/span><span class=\"review-full-text\"> \u0161e naprej.<\/span><\/div>\r\n\t\t<\/li>\r\n\t\t<li class=\"rating-5\" data-index=\"5\">\r\n\t\t\t<span class=\"author-avatar\"><a href=\"https:\/\/www.google.com\/maps\/contrib\/102787101969128722656\/reviews\" target=\"_blank\" rel=\"nofollow\"><img decoding=\"async\" src=\"https:\/\/lh3.googleusercontent.com\/a\/AAcHTtdwW0GbgCRidezp-ZD1kgtxXJNH6olyCzyytMM4=s128-c0x00000000-cc-rp-mo\" alt=\"Avatar\"><\/a><\/span>\r\n\t\t\t<span class=\"review-meta\">\r\n\t\t\t\t<span class=\"author-name\"><a href=\"https:\/\/www.google.com\/maps\/contrib\/102787101969128722656\/reviews\" target=\"_blank\" rel=\"nofollow\">matej stekl<\/a><\/span>\r\n\t\t\t\t<span class=\"rating\">\u2605\u2605\u2605\u2605\u2605<\/span>\r\n\t\t\t\t<span class=\"relative-time-description\">pred 3 leti<\/span>\r\n\t\t\t<\/span>\r\n\t\t\t<div class=\"text text-excerpt\">Pozdravljen Matja\u017e, pred enim letom si mi v parih obiskih pomagal in bole\u010dine v sakralnem delu so prenehale. Zdaj se mi je bole\u010dina spet pojavila (prekomerno metanje frizbija..) Rad bi se \u010dimprej naro\u010dil za obisk.<br>\n\t\t\t\tL.P. Matej<\/div>\r\n\t\t<\/li>\r\n\t\t<li class=\"rating-5\" data-index=\"6\">\r\n\t\t\t<span class=\"author-avatar\"><a href=\"https:\/\/www.google.com\/maps\/contrib\/111677778627429677617\/reviews\" target=\"_blank\" rel=\"nofollow\"><img decoding=\"async\" src=\"https:\/\/lh3.googleusercontent.com\/a\/AGNmyxZeL-06XdsNpBy-VnMyw2nwV1qt_b3aFG5uErw3=s128-c0x00000000-cc-rp-mo\" alt=\"Avatar\"><\/a><\/span>\r\n\t\t\t<span class=\"review-meta\">\r\n\t\t\t\t<span class=\"author-name\"><a href=\"https:\/\/www.google.com\/maps\/contrib\/111677778627429677617\/reviews\" target=\"_blank\" rel=\"nofollow\">Branko Rupcic<\/a><\/span>\r\n\t\t\t\t<span class=\"rating\">\u2605\u2605\u2605\u2605\u2605<\/span>\r\n\t\t\t\t<span class=\"relative-time-description\">pred 3 leti<\/span>\r\n\t\t\t<\/span>\r\n\t\t\t<div class=\"text\">Z obravnavo sem bil zelo zadovoljen. \u0160e posebej glede na prilagodljivost termina, ker sem zaradi narave mojega dela zelo omejen z \u010dasom. Vsem ki potrebujejo podobno obravnavo toplo priporo\u010dam. Lp Branko<\/div>\r\n\t\t<\/li>\r\n\t\t<li class=\"rating-5\" data-index=\"7\">\r\n\t\t\t<span class=\"author-avatar\"><a href=\"https:\/\/www.google.com\/maps\/contrib\/100523556109320048832\/reviews\" target=\"_blank\" rel=\"nofollow\"><img decoding=\"async\" src=\"https:\/\/lh3.googleusercontent.com\/a-\/ACB-R5RZM_LdQcGpmLwMWJM7iA6ptUS0TrKd8awnkaU54g=s128-c0x00000000-cc-rp-mo\" alt=\"Avatar\"><\/a><\/span>\r\n\t\t\t<span class=\"review-meta\">\r\n\t\t\t\t<span class=\"author-name\"><a href=\"https:\/\/www.google.com\/maps\/contrib\/100523556109320048832\/reviews\" target=\"_blank\" rel=\"nofollow\">Vlado le\u010dnik<\/a><\/span>\r\n\t\t\t\t<span class=\"rating\">\u2605\u2605\u2605\u2605\u2605<\/span>\r\n\t\t\t\t<span class=\"relative-time-description\">pred 3 leti<\/span>\r\n\t\t\t<\/span>\r\n\t\t\t<div class=\"text\">Profesionalne in zelo u\u010dinkovite terapije,meni in moji soprogi obisk   Fizio ambulante je pomagal.<br>\n\t\t\t\tPriporo\u010dam vsem,ne bo vam \u017eal, Lp Vlado.<\/div>\r\n\t\t<\/li>\r\n\t\t<li class=\"rating-5\" data-index=\"8\">\r\n\t\t\t<span class=\"author-avatar\"><a href=\"https:\/\/www.google.com\/maps\/contrib\/106408746201964720060\/reviews\" target=\"_blank\" rel=\"nofollow\"><img decoding=\"async\" src=\"https:\/\/lh3.googleusercontent.com\/a\/AGNmyxaO7wYIt8IrSyJkPrvdBZ7F2o4yp7PiErMOX3WV=s128-c0x00000000-cc-rp-mo\" alt=\"Avatar\"><\/a><\/span>\r\n\t\t\t<span class=\"review-meta\">\r\n\t\t\t\t<span class=\"author-name\"><a href=\"https:\/\/www.google.com\/maps\/contrib\/106408746201964720060\/reviews\" target=\"_blank\" rel=\"nofollow\">Nevenka Naver\u0161nik<\/a><\/span>\r\n\t\t\t\t<span class=\"rating\">\u2605\u2605\u2605\u2605\u2605<\/span>\r\n\t\t\t\t<span class=\"relative-time-description\">pred 3 leti<\/span>\r\n\t\t\t<\/span>\r\n\t\t\t<div class=\"text\">POZDRAVLJENI ! Fizio Ogris priporo\u010dam vsem. Delo je opravljeno strokovno, odlikuje ga tudi prijaznost. Meni je zelo pomagalo.PRIPORO\u010cAM ! LP<\/div>\r\n\t\t<\/li>\r\n\t\t<li class=\"rating-5\" data-index=\"9\">\r\n\t\t\t<span class=\"author-avatar\"><a href=\"https:\/\/www.google.com\/maps\/contrib\/100221793038545185786\/reviews\" target=\"_blank\" rel=\"nofollow\"><img decoding=\"async\" src=\"https:\/\/lh3.googleusercontent.com\/a\/AGNmyxZHAv1PJOiGJrte82x7dBkOM5mj759VFtb-iCd5=s128-c0x00000000-cc-rp-mo\" alt=\"Avatar\"><\/a><\/span>\r\n\t\t\t<span class=\"review-meta\">\r\n\t\t\t\t<span class=\"author-name\"><a href=\"https:\/\/www.google.com\/maps\/contrib\/100221793038545185786\/reviews\" target=\"_blank\" rel=\"nofollow\">Dragana Ivanovic<\/a><\/span>\r\n\t\t\t\t<span class=\"rating\">\u2605\u2605\u2605\u2605\u2605<\/span>\r\n\t\t\t\t<span class=\"relative-time-description\">pred 2 letoma<\/span>\r\n\t\t\t<\/span>\r\n\t\t<\/li>\r\n\t\t<li class=\"rating-5\" data-index=\"10\">\r\n\t\t\t<span class=\"author-avatar\"><a href=\"https:\/\/www.google.com\/maps\/contrib\/115892666077025336004\/reviews\" target=\"_blank\" rel=\"nofollow\"><img decoding=\"async\" src=\"https:\/\/lh3.googleusercontent.com\/a\/ACg8ocKVV4MCaTSCDkHDGx3gbo0pTpi5ys7mpFdSN5vqKu5sk9bfJA=s128-c0x00000000-cc-rp-mo\" alt=\"Avatar\"><\/a><\/span>\r\n\t\t\t<span class=\"review-meta\">\r\n\t\t\t\t<span class=\"author-name\"><a href=\"https:\/\/www.google.com\/maps\/contrib\/115892666077025336004\/reviews\" target=\"_blank\" rel=\"nofollow\">Marijan Verdinek<\/a><\/span>\r\n\t\t\t\t<span class=\"rating\">\u2605\u2605\u2605\u2605\u2605<\/span>\r\n\t\t\t\t<span class=\"relative-time-description\">pred 2 letoma<\/span>\r\n\t\t\t<\/span>\r\n\t\t<\/li>\r\n\t\t<li class=\"rating-5\" data-index=\"11\">\r\n\t\t\t<span class=\"author-avatar\"><a href=\"https:\/\/www.google.com\/maps\/contrib\/117468334568260651648\/reviews\" target=\"_blank\" rel=\"nofollow\"><img decoding=\"async\" src=\"https:\/\/lh3.googleusercontent.com\/a\/AGNmyxb7B5zH-5Dkqj6dhiKqoprracxvYpgAaNXBRYAI=s128-c0x00000000-cc-rp-mo\" alt=\"Avatar\"><\/a><\/span>\r\n\t\t\t<span class=\"review-meta\">\r\n\t\t\t\t<span class=\"author-name\"><a href=\"https:\/\/www.google.com\/maps\/contrib\/117468334568260651648\/reviews\" target=\"_blank\" rel=\"nofollow\">Urban Sumah<\/a><\/span>\r\n\t\t\t\t<span class=\"rating\">\u2605\u2605\u2605\u2605\u2605<\/span>\r\n\t\t\t\t<span class=\"relative-time-description\">pred 2 letoma<\/span>\r\n\t\t\t<\/span>\r\n\t\t\t<div class=\"text\">Odli\u010dna obravnava in vrhunska terapija<\/div>\r\n\t\t<\/li>\r\n\t\t<li class=\"rating-5\" data-index=\"12\">\r\n\t\t\t<span class=\"author-avatar\"><a href=\"https:\/\/www.google.com\/maps\/contrib\/117953987036630755327\/reviews\" target=\"_blank\" rel=\"nofollow\"><img decoding=\"async\" src=\"https:\/\/lh3.googleusercontent.com\/a\/ACg8ocIvOImMvbZEZN4wL82ekOoAPaduxMjtXYyDcepeLE8OnWjajoU=s128-c0x00000000-cc-rp-mo\" alt=\"Avatar\"><\/a><\/span>\r\n\t\t\t<span class=\"review-meta\">\r\n\t\t\t\t<span class=\"author-name\"><a href=\"https:\/\/www.google.com\/maps\/contrib\/117953987036630755327\/reviews\" target=\"_blank\" rel=\"nofollow\">Igor Pungartnik<\/a><\/span>\r\n\t\t\t\t<span class=\"rating\">\u2605\u2605\u2605\u2605\u2605<\/span>\r\n\t\t\t\t<span class=\"relative-time-description\">a year ago<\/span>\r\n\t\t\t<\/span>\r\n\t\t\t<div class=\"text\">Strokovna obravnava in odli\u010dni rezultati terapije.<\/div>\r\n\t\t<\/li>\r\n\t\t<li class=\"rating-5\" data-index=\"13\">\r\n\t\t\t<span class=\"author-avatar\"><a href=\"https:\/\/www.google.com\/maps\/contrib\/101370604934284579229\" target=\"_blank\" rel=\"nofollow\"><img decoding=\"async\" src=\"https:\/\/lh3.googleusercontent.com\/a\/AGNmyxbyjQ6r6SDG0VORYoHEBKEJ2JJBOyD2pDIUbBG9Qw=s128-c-c0x00000000-cc-rp-mo-ba3-br100\" alt=\"Avatar\"><\/a><\/span>\r\n\t\t\t<span class=\"review-meta\">\r\n\t\t\t\t<span class=\"author-name\"><a href=\"https:\/\/www.google.com\/maps\/contrib\/101370604934284579229\" target=\"_blank\" rel=\"nofollow\">Blaz<\/a><\/span>\r\n\t\t\t\t<span class=\"rating\">\u2605\u2605\u2605\u2605\u2605<\/span>\r\n\t\t\t\t<span class=\"relative-time-description\">4 weeks ago<\/span>\r\n\t\t\t<\/span>\r\n\t\t\t<div class=\"text\">Priporo\u010dam! Top celostna in personalizirana terapija glede na moje potrebe..<\/div>\r\n\t\t<\/li>\r\n\t<\/ul>\r\n\t<p class=\"attribution\"><span class=\"powered-by-google\" title=\"Powered by Google\"><\/span><\/p>\r\n<\/div>\r\n<\/p>","protected":false},"excerpt":{"rendered":"<p>&nbsp;<\/p>\n","protected":false},"author":1,"featured_media":0,"parent":0,"menu_order":0,"comment_status":"closed","ping_status":"closed","template":"","meta":{"footnotes":""},"class_list":["post-19","page","type-page","status-publish","hentry"],"_links":{"self":[{"href":"https:\/\/fizioogris.com\/de\/wp-json\/wp\/v2\/pages\/19","targetHints":{"allow":["GET"]}}],"collection":[{"href":"https:\/\/fizioogris.com\/de\/wp-json\/wp\/v2\/pages"}],"about":[{"href":"https:\/\/fizioogris.com\/de\/wp-json\/wp\/v2\/types\/page"}],"author":[{"embeddable":true,"href":"https:\/\/fizioogris.com\/de\/wp-json\/wp\/v2\/users\/1"}],"replies":[{"embeddable":true,"href":"https:\/\/fizioogris.com\/de\/wp-json\/wp\/v2\/comments?post=19"}],"version-history":[{"count":37,"href":"https:\/\/fizioogris.com\/de\/wp-json\/wp\/v2\/pages\/19\/revisions"}],"predecessor-version":[{"id":1259,"href":"https:\/\/fizioogris.com\/de\/wp-json\/wp\/v2\/pages\/19\/revisions\/1259"}],"wp:attachment":[{"href":"https:\/\/fizioogris.com\/de\/wp-json\/wp\/v2\/media?parent=19"}],"curies":[{"name":"wp","href":"https:\/\/api.w.org\/{rel}","templated":true}]}}